{"id":1168,"date":"2021-07-20T08:27:52","date_gmt":"2021-07-20T13:27:52","guid":{"rendered":"https:\/\/yareandliahshop.com\/?post_type=product&#038;p=1168"},"modified":"2024-08-10T07:00:51","modified_gmt":"2024-08-10T12:00:51","slug":"pijama-2-piezas-toy-story","status":"publish","type":"product","link":"https:\/\/yareandliahshop.com\/index.php\/product\/pijama-2-piezas-toy-story\/","title":{"rendered":"Pijama 2 piezas Toy Story"},"content":{"rendered":"","protected":false},"excerpt":{"rendered":"<p>Pijama 2 piezas, Su\u00e9ter manga corta y Pantal\u00f3n largo, ambos estampados de Toy Story.<\/p>\n<p>*100% Algod\u00f3n<\/p>\n<p>&nbsp;<\/p>\n","protected":false},"featured_media":1169,"comment_status":"open","ping_status":"closed","template":"","meta":{"_joinchat":[]},"product_cat":[19],"product_tag":[],"class_list":["post-1168","product","type-product","status-publish","has-post-thumbnail","hentry","product_cat-ninos-4-12-anos"],"yoast_head":"<!-- This site is optimized with the Yoast SEO plugin v24.9 - https:\/\/yoast.com\/wordpress\/plugins\/seo\/ -->\n<title>Pijama 2 piezas Toy Story - Yare Liah Shop<\/title>\n<meta name=\"robots\" content=\"index, follow, max-snippet:-1, max-image-preview:large, max-video-preview:-1\" \/>\n<link rel=\"canonical\" href=\"https:\/\/yareandliahshop.com\/index.php\/product\/pijama-2-piezas-toy-story\/\" \/>\n<meta property=\"og:locale\" content=\"es_ES\" \/>\n<meta property=\"og:type\" content=\"article\" \/>\n<meta property=\"og:title\" content=\"Pijama 2 piezas Toy Story - Yare Liah Shop\" \/>\n<meta property=\"og:description\" content=\"Pijama 2 piezas, Su\u00e9ter manga corta y Pantal\u00f3n largo, ambos estampados de Toy Story.  *100% Algod\u00f3n  &nbsp;\" \/>\n<meta property=\"og:url\" content=\"https:\/\/yareandliahshop.com\/index.php\/product\/pijama-2-piezas-toy-story\/\" \/>\n<meta property=\"og:site_name\" content=\"Yare Liah Shop\" \/>\n<meta property=\"article:publisher\" content=\"https:\/\/www.facebook.com\/YareandLiahShop\" \/>\n<meta property=\"article:modified_time\" content=\"2024-08-10T12:00:51+00:00\" \/>\n<meta property=\"og:image\" content=\"https:\/\/yareandliahshop.com\/wp-content\/uploads\/2021\/07\/2.png\" \/>\n\t<meta property=\"og:image:width\" content=\"1080\" \/>\n\t<meta property=\"og:image:height\" content=\"1080\" \/>\n\t<meta property=\"og:image:type\" content=\"image\/png\" \/>\n<meta name=\"twitter:card\" content=\"summary_large_image\" \/>\n<script type=\"application\/ld+json\" class=\"yoast-schema-graph\">{\"@context\":\"https:\/\/schema.org\",\"@graph\":[{\"@type\":\"WebPage\",\"@id\":\"https:\/\/yareandliahshop.com\/index.php\/product\/pijama-2-piezas-toy-story\/\",\"url\":\"https:\/\/yareandliahshop.com\/index.php\/product\/pijama-2-piezas-toy-story\/\",\"name\":\"Pijama 2 piezas Toy Story - Yare Liah Shop\",\"isPartOf\":{\"@id\":\"https:\/\/yareandliahshop.com\/#website\"},\"primaryImageOfPage\":{\"@id\":\"https:\/\/yareandliahshop.com\/index.php\/product\/pijama-2-piezas-toy-story\/#primaryimage\"},\"image\":{\"@id\":\"https:\/\/yareandliahshop.com\/index.php\/product\/pijama-2-piezas-toy-story\/#primaryimage\"},\"thumbnailUrl\":\"https:\/\/yareandliahshop.com\/wp-content\/uploads\/2021\/07\/2.png\",\"datePublished\":\"2021-07-20T13:27:52+00:00\",\"dateModified\":\"2024-08-10T12:00:51+00:00\",\"breadcrumb\":{\"@id\":\"https:\/\/yareandliahshop.com\/index.php\/product\/pijama-2-piezas-toy-story\/#breadcrumb\"},\"inLanguage\":\"es\",\"potentialAction\":[{\"@type\":\"ReadAction\",\"target\":[\"https:\/\/yareandliahshop.com\/index.php\/product\/pijama-2-piezas-toy-story\/\"]}]},{\"@type\":\"ImageObject\",\"inLanguage\":\"es\",\"@id\":\"https:\/\/yareandliahshop.com\/index.php\/product\/pijama-2-piezas-toy-story\/#primaryimage\",\"url\":\"https:\/\/yareandliahshop.com\/wp-content\/uploads\/2021\/07\/2.png\",\"contentUrl\":\"https:\/\/yareandliahshop.com\/wp-content\/uploads\/2021\/07\/2.png\",\"width\":1080,\"height\":1080},{\"@type\":\"BreadcrumbList\",\"@id\":\"https:\/\/yareandliahshop.com\/index.php\/product\/pijama-2-piezas-toy-story\/#breadcrumb\",\"itemListElement\":[{\"@type\":\"ListItem\",\"position\":1,\"name\":\"Portada\",\"item\":\"https:\/\/yareandliahshop.com\/\"},{\"@type\":\"ListItem\",\"position\":2,\"name\":\"Tienda\",\"item\":\"https:\/\/yareandliahshop.com\/index.php\/tienda\/\"},{\"@type\":\"ListItem\",\"position\":3,\"name\":\"Pijama 2 piezas Toy Story\"}]},{\"@type\":\"WebSite\",\"@id\":\"https:\/\/yareandliahshop.com\/#website\",\"url\":\"https:\/\/yareandliahshop.com\/\",\"name\":\"Yare Liah Shop\",\"description\":\"La tienda m\u00e1s cool de los peque\u00f1os de la casa\",\"publisher\":{\"@id\":\"https:\/\/yareandliahshop.com\/#organization\"},\"potentialAction\":[{\"@type\":\"SearchAction\",\"target\":{\"@type\":\"EntryPoint\",\"urlTemplate\":\"https:\/\/yareandliahshop.com\/?s={search_term_string}\"},\"query-input\":{\"@type\":\"PropertyValueSpecification\",\"valueRequired\":true,\"valueName\":\"search_term_string\"}}],\"inLanguage\":\"es\"},{\"@type\":\"Organization\",\"@id\":\"https:\/\/yareandliahshop.com\/#organization\",\"name\":\"Yare & Liah Shop\",\"url\":\"https:\/\/yareandliahshop.com\/\",\"logo\":{\"@type\":\"ImageObject\",\"inLanguage\":\"es\",\"@id\":\"https:\/\/yareandliahshop.com\/#\/schema\/logo\/image\/\",\"url\":\"\",\"contentUrl\":\"\",\"caption\":\"Yare & Liah Shop\"},\"image\":{\"@id\":\"https:\/\/yareandliahshop.com\/#\/schema\/logo\/image\/\"},\"sameAs\":[\"https:\/\/www.facebook.com\/YareandLiahShop\",\"https:\/\/www.instagram.com\/yareandliahshop\/\"]}]}<\/script>\n<!-- \/ Yoast SEO plugin. -->","yoast_head_json":{"title":"Pijama 2 piezas Toy Story - Yare Liah Shop","robots":{"index":"index","follow":"follow","max-snippet":"max-snippet:-1","max-image-preview":"max-image-preview:large","max-video-preview":"max-video-preview:-1"},"canonical":"https:\/\/yareandliahshop.com\/index.php\/product\/pijama-2-piezas-toy-story\/","og_locale":"es_ES","og_type":"article","og_title":"Pijama 2 piezas Toy Story - Yare Liah Shop","og_description":"Pijama 2 piezas, Su\u00e9ter manga corta y Pantal\u00f3n largo, ambos estampados de Toy Story.  *100% Algod\u00f3n  &nbsp;","og_url":"https:\/\/yareandliahshop.com\/index.php\/product\/pijama-2-piezas-toy-story\/","og_site_name":"Yare Liah Shop","article_publisher":"https:\/\/www.facebook.com\/YareandLiahShop","article_modified_time":"2024-08-10T12:00:51+00:00","og_image":[{"width":1080,"height":1080,"url":"https:\/\/yareandliahshop.com\/wp-content\/uploads\/2021\/07\/2.png","type":"image\/png"}],"twitter_card":"summary_large_image","schema":{"@context":"https:\/\/schema.org","@graph":[{"@type":"WebPage","@id":"https:\/\/yareandliahshop.com\/index.php\/product\/pijama-2-piezas-toy-story\/","url":"https:\/\/yareandliahshop.com\/index.php\/product\/pijama-2-piezas-toy-story\/","name":"Pijama 2 piezas Toy Story - Yare Liah Shop","isPartOf":{"@id":"https:\/\/yareandliahshop.com\/#website"},"primaryImageOfPage":{"@id":"https:\/\/yareandliahshop.com\/index.php\/product\/pijama-2-piezas-toy-story\/#primaryimage"},"image":{"@id":"https:\/\/yareandliahshop.com\/index.php\/product\/pijama-2-piezas-toy-story\/#primaryimage"},"thumbnailUrl":"https:\/\/yareandliahshop.com\/wp-content\/uploads\/2021\/07\/2.png","datePublished":"2021-07-20T13:27:52+00:00","dateModified":"2024-08-10T12:00:51+00:00","breadcrumb":{"@id":"https:\/\/yareandliahshop.com\/index.php\/product\/pijama-2-piezas-toy-story\/#breadcrumb"},"inLanguage":"es","potentialAction":[{"@type":"ReadAction","target":["https:\/\/yareandliahshop.com\/index.php\/product\/pijama-2-piezas-toy-story\/"]}]},{"@type":"ImageObject","inLanguage":"es","@id":"https:\/\/yareandliahshop.com\/index.php\/product\/pijama-2-piezas-toy-story\/#primaryimage","url":"https:\/\/yareandliahshop.com\/wp-content\/uploads\/2021\/07\/2.png","contentUrl":"https:\/\/yareandliahshop.com\/wp-content\/uploads\/2021\/07\/2.png","width":1080,"height":1080},{"@type":"BreadcrumbList","@id":"https:\/\/yareandliahshop.com\/index.php\/product\/pijama-2-piezas-toy-story\/#breadcrumb","itemListElement":[{"@type":"ListItem","position":1,"name":"Portada","item":"https:\/\/yareandliahshop.com\/"},{"@type":"ListItem","position":2,"name":"Tienda","item":"https:\/\/yareandliahshop.com\/index.php\/tienda\/"},{"@type":"ListItem","position":3,"name":"Pijama 2 piezas Toy Story"}]},{"@type":"WebSite","@id":"https:\/\/yareandliahshop.com\/#website","url":"https:\/\/yareandliahshop.com\/","name":"Yare Liah Shop","description":"La tienda m\u00e1s cool de los peque\u00f1os de la casa","publisher":{"@id":"https:\/\/yareandliahshop.com\/#organization"},"potentialAction":[{"@type":"SearchAction","target":{"@type":"EntryPoint","urlTemplate":"https:\/\/yareandliahshop.com\/?s={search_term_string}"},"query-input":{"@type":"PropertyValueSpecification","valueRequired":true,"valueName":"search_term_string"}}],"inLanguage":"es"},{"@type":"Organization","@id":"https:\/\/yareandliahshop.com\/#organization","name":"Yare & Liah Shop","url":"https:\/\/yareandliahshop.com\/","logo":{"@type":"ImageObject","inLanguage":"es","@id":"https:\/\/yareandliahshop.com\/#\/schema\/logo\/image\/","url":"","contentUrl":"","caption":"Yare & Liah Shop"},"image":{"@id":"https:\/\/yareandliahshop.com\/#\/schema\/logo\/image\/"},"sameAs":["https:\/\/www.facebook.com\/YareandLiahShop","https:\/\/www.instagram.com\/yareandliahshop\/"]}]}},"_links":{"self":[{"href":"https:\/\/yareandliahshop.com\/index.php\/wp-json\/wp\/v2\/product\/1168","targetHints":{"allow":["GET"]}}],"collection":[{"href":"https:\/\/yareandliahshop.com\/index.php\/wp-json\/wp\/v2\/product"}],"about":[{"href":"https:\/\/yareandliahshop.com\/index.php\/wp-json\/wp\/v2\/types\/product"}],"replies":[{"embeddable":true,"href":"https:\/\/yareandliahshop.com\/index.php\/wp-json\/wp\/v2\/comments?post=1168"}],"wp:featuredmedia":[{"embeddable":true,"href":"https:\/\/yareandliahshop.com\/index.php\/wp-json\/wp\/v2\/media\/1169"}],"wp:attachment":[{"href":"https:\/\/yareandliahshop.com\/index.php\/wp-json\/wp\/v2\/media?parent=1168"}],"wp:term":[{"taxonomy":"product_cat","embeddable":true,"href":"https:\/\/yareandliahshop.com\/index.php\/wp-json\/wp\/v2\/product_cat?post=1168"},{"taxonomy":"product_tag","embeddable":true,"href":"https:\/\/yareandliahshop.com\/index.php\/wp-json\/wp\/v2\/product_tag?post=1168"}],"curies":[{"name":"wp","href":"https:\/\/api.w.org\/{rel}","templated":true}]}}