{"id":39,"date":"2021-01-26T20:55:17","date_gmt":"2021-01-26T20:55:17","guid":{"rendered":"http:\/\/yareandliahshop.com\/?page_id=39"},"modified":"2025-03-19T14:21:18","modified_gmt":"2025-03-19T19:21:18","slug":"inicio","status":"publish","type":"page","link":"https:\/\/yareandliahshop.com\/","title":{"rendered":"Inicio"},"content":{"rendered":"<p><img decoding=\"async\" width=\"525\" height=\"525\" src=\"https:\/\/yareandliahshop.com\/wp-content\/uploads\/2021\/01\/NIN\u0303OS-JUNTOS-PNG-768x768.png\" alt=\"\" loading=\"lazy\" \/>\t\t\t\t\t\t\t\t\t\t\t\t\t\t<\/p>\n<h2>Bienvenidos a la tienda m\u00e1s cool de los peque\u00f1os de la casa<\/h2>\n<p>\t\t\t<a href=\"https:\/\/yareandliahshop.com\/index.php\/contacto\/\" role=\"button\"><br \/>\n\t\t\t\t\t\tCONTACTANOS<br \/>\n\t\t\t\t\t<\/a><\/p>\n<h4>Comprar por Departamentos<\/h4>\n<p>\t\t\t\t\t\t\t\t\t\t\t\t\t<a href=\"https:\/\/yareandliahshop.com\/index.php\/product-category\/bebe-toddler\/\"><br \/>\n\t\t\t\t\t\t\t<img decoding=\"async\" width=\"500\" height=\"500\" src=\"https:\/\/yareandliahshop.com\/wp-content\/uploads\/2021\/01\/LIAH-PNG.png\" alt=\"\" loading=\"lazy\" \/>\t\t\t\t\t\t\t\t<\/a><br \/>\n\t\t\t<a href=\"https:\/\/yareandliahshop.com\/index.php\/product-category\/bebe-toddler\/\" role=\"button\"><br \/>\n\t\t\t\t\t\tBEBES &#8211; TODDLER<br \/>\n\t\t\t\t\t<\/a><\/p>\n<p><font style=\"vertical-align: inherit;\"><font style=\"vertical-align: inherit;\"><br \/><b><font style=\"vertical-align: inherit;\"><font style=\"vertical-align: inherit;\">Ni\u00f1os y Ni\u00f1as en Edades de 0 a 3 a\u00f1os<\/font><\/font><\/b><\/font><\/font><font style=\"vertical-align: inherit;\"><\/font><\/p>\n<p>\t\t\t\t\t\t\t\t\t\t\t\t\t<a href=\"https:\/\/yareandliahshop.com\/index.php\/product-category\/ninas-4-12-anos\/\"><br \/>\n\t\t\t\t\t\t\t<img decoding=\"async\" width=\"500\" height=\"500\" src=\"https:\/\/yareandliahshop.com\/wp-content\/uploads\/2021\/01\/YARE-PNG.png\" alt=\"\" loading=\"lazy\" \/>\t\t\t\t\t\t\t\t<\/a><br \/>\n\t\t\t<a href=\"https:\/\/yareandliahshop.com\/index.php\/product-category\/ninas-4-12-anos\/\" role=\"button\"><br \/>\n\t\t\t\t\t\tNI\u00d1AS<br \/>\n\t\t\t\t\t<\/a><\/p>\n<p><font style=\"vertical-align: inherit;\"><font style=\"vertical-align: inherit;\"><font style=\"vertical-align: inherit;\"><font style=\"vertical-align: inherit;\">Ni\u00f1as en Edades de 4 a 12 a\u00f1os<\/font><\/font><\/font><\/font><\/p>\n<p>\t\t\t\t\t\t\t\t\t\t\t\t\t<a href=\"https:\/\/yareandliahshop.com\/index.php\/product-category\/ninos-4-12-anos\/\"><br \/>\n\t\t\t\t\t\t\t<img decoding=\"async\" width=\"500\" height=\"500\" src=\"https:\/\/yareandliahshop.com\/wp-content\/uploads\/2021\/01\/MAX-PNG.png\" alt=\"\" loading=\"lazy\" \/>\t\t\t\t\t\t\t\t<\/a><br \/>\n\t\t\t<a href=\"https:\/\/yareandliahshop.com\/index.php\/product-category\/ninos-4-12-anos\/\" role=\"button\"><br \/>\n\t\t\t\t\t\t<font style=\"vertical-align: inherit;\"><font style=\"vertical-align: inherit;\"><font style=\"vertical-align: inherit;\"><font style=\"vertical-align: inherit;\">NI\u00d1OS<\/font><\/font><\/font><\/font><font style=\"vertical-align: inherit;\"><\/font><br \/>\n\t\t\t\t\t<\/a><\/p>\n<p><font style=\"vertical-align: inherit;\"><font style=\"vertical-align: inherit;\"><font style=\"vertical-align: inherit;\"><font style=\"vertical-align: inherit;\"><font style=\"vertical-align: inherit;\"><font style=\"vertical-align: inherit;\">Ni\u00f1os en edades de 4 a 12 a\u00f1os<\/font><\/font><\/font><\/font><\/font><\/font><\/p>\n<h1><a href=\"https:\/\/yareandliahshop.com\/index.php\/product-category\/ofertas\/\">OFERTAS PERMANENTES<\/a><\/h1>\n<p>\t\t\t\t\t\t\t\t<a data-elementor-open-lightbox=\"yes\" data-elementor-lightbox-slideshow=\"a07592c\" data-elementor-lightbox-title=\"PhotoRoom_20200817_221949\" href=\"https:\/\/yareandliahshop.com\/index.php\/product-category\/ofertas\/\"><\/p>\n<figure><img decoding=\"async\" src=\"https:\/\/yareandliahshop.com\/wp-content\/uploads\/2021\/01\/PhotoRoom_20200817_221949-300x300.jpg\" alt=\"PhotoRoom_20200817_221949\" \/><\/figure>\n<p><\/a><a data-elementor-open-lightbox=\"yes\" data-elementor-lightbox-slideshow=\"a07592c\" data-elementor-lightbox-title=\"PhotoRoom_20200817_221915 2\" href=\"https:\/\/yareandliahshop.com\/index.php\/product-category\/ofertas\/\"><\/p>\n<figure><img decoding=\"async\" src=\"https:\/\/yareandliahshop.com\/wp-content\/uploads\/2021\/01\/PhotoRoom_20200817_221915-2-300x300.jpg\" alt=\"PhotoRoom_20200817_221915 2\" \/><\/figure>\n<p><\/a><a data-elementor-open-lightbox=\"yes\" data-elementor-lightbox-slideshow=\"a07592c\" data-elementor-lightbox-title=\"PhotoRoom_20200817_221853 2\" href=\"https:\/\/yareandliahshop.com\/index.php\/product-category\/ofertas\/\"><\/p>\n<figure><img decoding=\"async\" src=\"https:\/\/yareandliahshop.com\/wp-content\/uploads\/2021\/01\/PhotoRoom_20200817_221853-2-300x300.jpg\" alt=\"PhotoRoom_20200817_221853 2\" \/><\/figure>\n<p><\/a><a data-elementor-open-lightbox=\"yes\" data-elementor-lightbox-slideshow=\"a07592c\" data-elementor-lightbox-title=\"PhotoRoom_20200818_155259\" href=\"https:\/\/yareandliahshop.com\/index.php\/product-category\/ofertas\/\"><\/p>\n<figure><img decoding=\"async\" src=\"https:\/\/yareandliahshop.com\/wp-content\/uploads\/2021\/01\/PhotoRoom_20200818_155259-300x300.jpg\" alt=\"PhotoRoom_20200818_155259\" \/><\/figure>\n<p><\/a><a data-elementor-open-lightbox=\"yes\" data-elementor-lightbox-slideshow=\"a07592c\" data-elementor-lightbox-title=\"PhotoRoom_20200818_155454\" href=\"https:\/\/yareandliahshop.com\/index.php\/product-category\/ofertas\/\"><\/p>\n<figure><img decoding=\"async\" src=\"https:\/\/yareandliahshop.com\/wp-content\/uploads\/2021\/01\/PhotoRoom_20200818_155454-300x300.jpg\" alt=\"PhotoRoom_20200818_155454\" \/><\/figure>\n<p><\/a><a data-elementor-open-lightbox=\"yes\" data-elementor-lightbox-slideshow=\"a07592c\" data-elementor-lightbox-title=\"PhotoRoom_20200818_155521\" href=\"https:\/\/yareandliahshop.com\/index.php\/product-category\/ofertas\/\"><\/p>\n<figure><img decoding=\"async\" src=\"https:\/\/yareandliahshop.com\/wp-content\/uploads\/2021\/01\/PhotoRoom_20200818_155521-300x300.jpg\" alt=\"PhotoRoom_20200818_155521\" \/><\/figure>\n<p><\/a><a data-elementor-open-lightbox=\"yes\" data-elementor-lightbox-slideshow=\"a07592c\" data-elementor-lightbox-title=\"PhotoRoom_20200823_100624\" href=\"https:\/\/yareandliahshop.com\/index.php\/product-category\/ofertas\/\"><\/p>\n<figure><img decoding=\"async\" src=\"https:\/\/yareandliahshop.com\/wp-content\/uploads\/2021\/01\/PhotoRoom_20200823_100624-300x300.jpg\" alt=\"PhotoRoom_20200823_100624\" \/><\/figure>\n<p><\/a><a data-elementor-open-lightbox=\"yes\" data-elementor-lightbox-slideshow=\"a07592c\" data-elementor-lightbox-title=\"PhotoRoom_20200823_100442\" href=\"https:\/\/yareandliahshop.com\/index.php\/product-category\/ofertas\/\"><\/p>\n<figure><img decoding=\"async\" src=\"https:\/\/yareandliahshop.com\/wp-content\/uploads\/2021\/01\/PhotoRoom_20200823_100442-300x300.jpg\" alt=\"PhotoRoom_20200823_100442\" \/><\/figure>\n<p><\/a><a data-elementor-open-lightbox=\"yes\" data-elementor-lightbox-slideshow=\"a07592c\" data-elementor-lightbox-title=\"PhotoRoom_20200821_193704\" href=\"https:\/\/yareandliahshop.com\/index.php\/product-category\/ofertas\/\"><\/p>\n<figure><img decoding=\"async\" src=\"https:\/\/yareandliahshop.com\/wp-content\/uploads\/2021\/01\/PhotoRoom_20200821_193704-300x300.jpg\" alt=\"PhotoRoom_20200821_193704\" \/><\/figure>\n<p><\/a><a data-elementor-open-lightbox=\"yes\" data-elementor-lightbox-slideshow=\"a07592c\" data-elementor-lightbox-title=\"PhotoRoom_20200820_154419\" href=\"https:\/\/yareandliahshop.com\/index.php\/product-category\/ofertas\/\"><\/p>\n<figure><img decoding=\"async\" src=\"https:\/\/yareandliahshop.com\/wp-content\/uploads\/2021\/01\/PhotoRoom_20200820_154419-300x300.jpg\" alt=\"PhotoRoom_20200820_154419\" \/><\/figure>\n<p><\/a>\t\t\t<\/p>\n<h4><font style=\"vertical-align: inherit;\"><font style=\"vertical-align: inherit;\">Algunas de Nuestras Marcas<\/font><\/font><font style=\"vertical-align: inherit;\"><\/font><\/h4>\n<p>\t\t\t\t\t\t\t\t\t\t\t\t<img decoding=\"async\" width=\"525\" height=\"295\" src=\"https:\/\/yareandliahshop.com\/wp-content\/uploads\/2021\/01\/Tommy-Hilfiger-logo-1024x576.png\" alt=\"\" loading=\"lazy\" \/><br \/>\n\t\t\t\t\t\t\t\t\t\t\t\t<img decoding=\"async\" width=\"400\" height=\"400\" src=\"https:\/\/yareandliahshop.com\/wp-content\/uploads\/2021\/01\/patpat.jpg\" alt=\"\" loading=\"lazy\" \/><br \/>\n\t\t\t\t\t\t\t\t\t\t\t\t<img decoding=\"async\" width=\"225\" height=\"225\" src=\"https:\/\/yareandliahshop.com\/wp-content\/uploads\/2021\/01\/bigboys.png\" alt=\"\" loading=\"lazy\" \/><br \/>\n\t\t\t\t\t\t\t\t\t\t\t\t<img decoding=\"async\" width=\"525\" height=\"351\" src=\"https:\/\/yareandliahshop.com\/wp-content\/uploads\/2021\/01\/Shein-symbol-1024x685.jpg\" alt=\"\" loading=\"lazy\" \/><br \/>\n\t\t\t\t\t\t\t\t\t\t\t\t<img decoding=\"async\" width=\"525\" height=\"295\" src=\"https:\/\/yareandliahshop.com\/wp-content\/uploads\/2021\/01\/Puma-Logo-1024x576.png\" alt=\"\" loading=\"lazy\" \/><br \/>\n\t\t\t\t\t\t\t\t\t\t\t\t<img decoding=\"async\" width=\"400\" height=\"400\" src=\"https:\/\/yareandliahshop.com\/wp-content\/uploads\/2021\/01\/Carters-Logo.png\" alt=\"\" loading=\"lazy\" \/>\t\t\t\t\t\t\t\t\t\t\t\t\t\t<\/p>\n<ul>\n<li>\n\t\t\t\t\t\t\t\t\t\t+507 65320969\n\t\t\t\t\t\t\t\t\t<\/li>\n<li>\n\t\t\t\t\t\t\t\t\t\tinfo@yareandliahshop.com\n\t\t\t\t\t\t\t\t\t<\/li>\n<li>\n\t\t\t\t\t\t\t\t\t\tPanam\u00e1\n\t\t\t\t\t\t\t\t\t<\/li>\n<\/ul>\n","protected":false},"excerpt":{"rendered":"<p>Bienvenidos a la tienda m\u00e1s cool de los peque\u00f1os de la casa CONTACTANOS Comprar por Departamentos BEBES &#8211; TODDLER Ni\u00f1os y Ni\u00f1as en Edades de&hellip;<\/p>\n","protected":false},"author":1,"featured_media":0,"parent":0,"menu_order":0,"comment_status":"closed","ping_status":"closed","template":"","meta":{"_joinchat":[],"footnotes":""},"class_list":["post-39","page","type-page","status-publish","hentry"],"yoast_head":"<!-- This site is optimized with the Yoast SEO plugin v24.9 - https:\/\/yoast.com\/wordpress\/plugins\/seo\/ -->\n<title>Inicio - Yare Liah Shop<\/title>\n<meta name=\"robots\" content=\"index, follow, max-snippet:-1, max-image-preview:large, max-video-preview:-1\" \/>\n<link rel=\"canonical\" href=\"https:\/\/yareandliahshop.com\/\" \/>\n<meta property=\"og:locale\" content=\"es_ES\" \/>\n<meta property=\"og:type\" content=\"article\" \/>\n<meta property=\"og:title\" content=\"Inicio - Yare Liah Shop\" \/>\n<meta property=\"og:description\" content=\"Bienvenidos a la tienda m\u00e1s cool de los peque\u00f1os de la casa CONTACTANOS Comprar por Departamentos BEBES &#8211; TODDLER Ni\u00f1os y Ni\u00f1as en Edades de&hellip;\" \/>\n<meta property=\"og:url\" content=\"https:\/\/yareandliahshop.com\/\" \/>\n<meta property=\"og:site_name\" content=\"Yare Liah Shop\" \/>\n<meta property=\"article:publisher\" content=\"https:\/\/www.facebook.com\/YareandLiahShop\" \/>\n<meta property=\"article:modified_time\" content=\"2025-03-19T19:21:18+00:00\" \/>\n<meta property=\"og:image\" content=\"https:\/\/yareandliahshop.com\/wp-content\/uploads\/2021\/01\/LIAH-PNG.png\" \/>\n<meta name=\"twitter:card\" content=\"summary_large_image\" \/>\n<meta name=\"twitter:label1\" content=\"Tiempo de lectura\" \/>\n\t<meta name=\"twitter:data1\" content=\"5 minutos\" \/>\n<script type=\"application\/ld+json\" class=\"yoast-schema-graph\">{\"@context\":\"https:\/\/schema.org\",\"@graph\":[{\"@type\":\"WebPage\",\"@id\":\"https:\/\/yareandliahshop.com\/\",\"url\":\"https:\/\/yareandliahshop.com\/\",\"name\":\"Inicio - Yare Liah Shop\",\"isPartOf\":{\"@id\":\"https:\/\/yareandliahshop.com\/#website\"},\"primaryImageOfPage\":{\"@id\":\"https:\/\/yareandliahshop.com\/#primaryimage\"},\"image\":{\"@id\":\"https:\/\/yareandliahshop.com\/#primaryimage\"},\"thumbnailUrl\":\"https:\/\/yareandliahshop.com\/wp-content\/uploads\/2021\/01\/LIAH-PNG.png\",\"datePublished\":\"2021-01-26T20:55:17+00:00\",\"dateModified\":\"2025-03-19T19:21:18+00:00\",\"breadcrumb\":{\"@id\":\"https:\/\/yareandliahshop.com\/#breadcrumb\"},\"inLanguage\":\"es\",\"potentialAction\":[{\"@type\":\"ReadAction\",\"target\":[\"https:\/\/yareandliahshop.com\/\"]}]},{\"@type\":\"ImageObject\",\"inLanguage\":\"es\",\"@id\":\"https:\/\/yareandliahshop.com\/#primaryimage\",\"url\":\"https:\/\/yareandliahshop.com\/wp-content\/uploads\/2021\/01\/LIAH-PNG.png\",\"contentUrl\":\"https:\/\/yareandliahshop.com\/wp-content\/uploads\/2021\/01\/LIAH-PNG.png\",\"width\":500,\"height\":500},{\"@type\":\"BreadcrumbList\",\"@id\":\"https:\/\/yareandliahshop.com\/#breadcrumb\",\"itemListElement\":[{\"@type\":\"ListItem\",\"position\":1,\"name\":\"Portada\",\"item\":\"https:\/\/yareandliahshop.com\/\"},{\"@type\":\"ListItem\",\"position\":2,\"name\":\"Inicio\"}]},{\"@type\":\"WebSite\",\"@id\":\"https:\/\/yareandliahshop.com\/#website\",\"url\":\"https:\/\/yareandliahshop.com\/\",\"name\":\"Yare Liah Shop\",\"description\":\"La tienda m\u00e1s cool de los peque\u00f1os de la casa\",\"publisher\":{\"@id\":\"https:\/\/yareandliahshop.com\/#organization\"},\"potentialAction\":[{\"@type\":\"SearchAction\",\"target\":{\"@type\":\"EntryPoint\",\"urlTemplate\":\"https:\/\/yareandliahshop.com\/?s={search_term_string}\"},\"query-input\":{\"@type\":\"PropertyValueSpecification\",\"valueRequired\":true,\"valueName\":\"search_term_string\"}}],\"inLanguage\":\"es\"},{\"@type\":\"Organization\",\"@id\":\"https:\/\/yareandliahshop.com\/#organization\",\"name\":\"Yare & Liah Shop\",\"url\":\"https:\/\/yareandliahshop.com\/\",\"logo\":{\"@type\":\"ImageObject\",\"inLanguage\":\"es\",\"@id\":\"https:\/\/yareandliahshop.com\/#\/schema\/logo\/image\/\",\"url\":\"\",\"contentUrl\":\"\",\"caption\":\"Yare & Liah Shop\"},\"image\":{\"@id\":\"https:\/\/yareandliahshop.com\/#\/schema\/logo\/image\/\"},\"sameAs\":[\"https:\/\/www.facebook.com\/YareandLiahShop\",\"https:\/\/www.instagram.com\/yareandliahshop\/\"]}]}<\/script>\n<!-- \/ Yoast SEO plugin. -->","yoast_head_json":{"title":"Inicio - Yare Liah Shop","robots":{"index":"index","follow":"follow","max-snippet":"max-snippet:-1","max-image-preview":"max-image-preview:large","max-video-preview":"max-video-preview:-1"},"canonical":"https:\/\/yareandliahshop.com\/","og_locale":"es_ES","og_type":"article","og_title":"Inicio - Yare Liah Shop","og_description":"Bienvenidos a la tienda m\u00e1s cool de los peque\u00f1os de la casa CONTACTANOS Comprar por Departamentos BEBES &#8211; TODDLER Ni\u00f1os y Ni\u00f1as en Edades de&hellip;","og_url":"https:\/\/yareandliahshop.com\/","og_site_name":"Yare Liah Shop","article_publisher":"https:\/\/www.facebook.com\/YareandLiahShop","article_modified_time":"2025-03-19T19:21:18+00:00","og_image":[{"url":"https:\/\/yareandliahshop.com\/wp-content\/uploads\/2021\/01\/LIAH-PNG.png","type":"","width":"","height":""}],"twitter_card":"summary_large_image","twitter_misc":{"Tiempo de lectura":"5 minutos"},"schema":{"@context":"https:\/\/schema.org","@graph":[{"@type":"WebPage","@id":"https:\/\/yareandliahshop.com\/","url":"https:\/\/yareandliahshop.com\/","name":"Inicio - Yare Liah Shop","isPartOf":{"@id":"https:\/\/yareandliahshop.com\/#website"},"primaryImageOfPage":{"@id":"https:\/\/yareandliahshop.com\/#primaryimage"},"image":{"@id":"https:\/\/yareandliahshop.com\/#primaryimage"},"thumbnailUrl":"https:\/\/yareandliahshop.com\/wp-content\/uploads\/2021\/01\/LIAH-PNG.png","datePublished":"2021-01-26T20:55:17+00:00","dateModified":"2025-03-19T19:21:18+00:00","breadcrumb":{"@id":"https:\/\/yareandliahshop.com\/#breadcrumb"},"inLanguage":"es","potentialAction":[{"@type":"ReadAction","target":["https:\/\/yareandliahshop.com\/"]}]},{"@type":"ImageObject","inLanguage":"es","@id":"https:\/\/yareandliahshop.com\/#primaryimage","url":"https:\/\/yareandliahshop.com\/wp-content\/uploads\/2021\/01\/LIAH-PNG.png","contentUrl":"https:\/\/yareandliahshop.com\/wp-content\/uploads\/2021\/01\/LIAH-PNG.png","width":500,"height":500},{"@type":"BreadcrumbList","@id":"https:\/\/yareandliahshop.com\/#breadcrumb","itemListElement":[{"@type":"ListItem","position":1,"name":"Portada","item":"https:\/\/yareandliahshop.com\/"},{"@type":"ListItem","position":2,"name":"Inicio"}]},{"@type":"WebSite","@id":"https:\/\/yareandliahshop.com\/#website","url":"https:\/\/yareandliahshop.com\/","name":"Yare Liah Shop","description":"La tienda m\u00e1s cool de los peque\u00f1os de la casa","publisher":{"@id":"https:\/\/yareandliahshop.com\/#organization"},"potentialAction":[{"@type":"SearchAction","target":{"@type":"EntryPoint","urlTemplate":"https:\/\/yareandliahshop.com\/?s={search_term_string}"},"query-input":{"@type":"PropertyValueSpecification","valueRequired":true,"valueName":"search_term_string"}}],"inLanguage":"es"},{"@type":"Organization","@id":"https:\/\/yareandliahshop.com\/#organization","name":"Yare & Liah Shop","url":"https:\/\/yareandliahshop.com\/","logo":{"@type":"ImageObject","inLanguage":"es","@id":"https:\/\/yareandliahshop.com\/#\/schema\/logo\/image\/","url":"","contentUrl":"","caption":"Yare & Liah Shop"},"image":{"@id":"https:\/\/yareandliahshop.com\/#\/schema\/logo\/image\/"},"sameAs":["https:\/\/www.facebook.com\/YareandLiahShop","https:\/\/www.instagram.com\/yareandliahshop\/"]}]}},"_links":{"self":[{"href":"https:\/\/yareandliahshop.com\/index.php\/wp-json\/wp\/v2\/pages\/39","targetHints":{"allow":["GET"]}}],"collection":[{"href":"https:\/\/yareandliahshop.com\/index.php\/wp-json\/wp\/v2\/pages"}],"about":[{"href":"https:\/\/yareandliahshop.com\/index.php\/wp-json\/wp\/v2\/types\/page"}],"author":[{"embeddable":true,"href":"https:\/\/yareandliahshop.com\/index.php\/wp-json\/wp\/v2\/users\/1"}],"replies":[{"embeddable":true,"href":"https:\/\/yareandliahshop.com\/index.php\/wp-json\/wp\/v2\/comments?post=39"}],"version-history":[{"count":255,"href":"https:\/\/yareandliahshop.com\/index.php\/wp-json\/wp\/v2\/pages\/39\/revisions"}],"predecessor-version":[{"id":1214,"href":"https:\/\/yareandliahshop.com\/index.php\/wp-json\/wp\/v2\/pages\/39\/revisions\/1214"}],"wp:attachment":[{"href":"https:\/\/yareandliahshop.com\/index.php\/wp-json\/wp\/v2\/media?parent=39"}],"curies":[{"name":"wp","href":"https:\/\/api.w.org\/{rel}","templated":true}]}}